{"id":822,"date":"2015-03-16T15:54:52","date_gmt":"2015-03-16T15:54:52","guid":{"rendered":"http:\/\/www.le21-hotel.com\/it\/contact-st-raphael-hotel\/"},"modified":"2019-11-12T12:27:09","modified_gmt":"2019-11-12T12:27:09","slug":"contatti-st-raphael-hotel","status":"publish","type":"page","link":"https:\/\/www.le21-hotel.com\/it\/contatti-st-raphael-hotel\/","title":{"rendered":"Contatti"},"content":{"rendered":"<h2 style=\"text-align: center;\"><span class=\"basic-title nowaves col-xs-offset-bottom-4 col-xs-offset-top-4\" style=\"font-size: 32px;\">LE 21 H\u00d4TEL DE FRANCE<\/span><\/h2>\n<p style=\"text-align: center;\">21, place Mal. Galli\u00e9ni F &#8211; 83700 Saint-Rapha\u00ebl<br \/>\nT\u00e9l.: <a href=\"tel:+330494192121\">+33(0)4 94 19 21 21<\/a><br \/>\nFax: <a href=\"tel:+330494191037\">+33(0)4 94 19 10 37<\/a><br \/>\n<a href=\"mailto:info@le21-hotel.com\">info@le21-hotel.com<\/a><\/p>\n<p style=\"text-align: center;\"><span class=\"col-xs-offset-top-3\"><strong>ORARI DI APERTURA<\/strong><\/span><\/p>\n<p style=\"text-align: center;\">du 16\u00a0giugno au 14 sept. (estate) : 7h &#8211; 23h<br \/>\ndu 15 sept. au 15\u00a0giugno (inverno) : 7h &#8211; 21h<\/p>\n<p style=\"text-align: center;\"><a href=\"http:\/\/www.hotels-st-raphael.com\/\" target=\"_blank\" rel=\"noopener noreferrer\"><span class=\"col-xs-offset-top-3\"><strong><img decoding=\"async\" loading=\"lazy\" class=\"alignnone size-full wp-image-845\" src=\"http:\/\/www.le21-hotel.com\/wp-content\/uploads\/2015\/03\/logo-hotels-st-raphael.png\" alt=\"\" width=\"158\" height=\"67\" \/><\/strong><\/span><\/a><\/p>\n<p style=\"text-align: center;\"><span class=\"col-xs-offset-top-3\"><strong><br \/>\n<span class=\"col-xs-offset-bottom-6\">MEZZI DI PAGAMENTO<\/span><\/strong><\/span><\/p>\n","protected":false},"excerpt":{"rendered":"<p>LE 21 H\u00d4TEL DE FRANCE 21, place Mal. Galli\u00e9ni F &#8211; 83700 Saint-Rapha\u00ebl T\u00e9l.: +33(0)4 94 19 21 21 Fax: +33(0)4 94 19 10 37 info@le21-hotel.com ORARI DI APERTURA du 16\u00a0giugno au 14 sept. (estate) : 7h &#8211; 23h du 15 sept. au 15\u00a0giugno (inverno) : 7h &#8211; 21h MEZZI DI PAGAMENTO<\/p>\n","protected":false},"author":3,"featured_media":1710,"parent":0,"menu_order":0,"comment_status":"closed","ping_status":"closed","template":"modeles-de-page\/page-contact.php","meta":[],"acf":[],"yoast_head":"<title>St Raphael Hotel - H\u00f4tel il 21 \u2013 Contatti &amp; prenotazioni<\/title>\n<meta name=\"description\" content=\"St raphael hotel, LE 21 H\u00d4TEL DE FRANCE Adresse : 21, place Mal. Galli\u00e9ni F - 83700 Saint-Rapha\u00ebl T\u00e9l.: +33(0)4 94 19 21 21\" \/>\n<meta name=\"robots\" content=\"index, follow, max-snippet:-1, max-image-preview:large, max-video-preview:-1\" \/>\n<link rel=\"canonical\" href=\"https:\/\/www.le21-hotel.com\/it\/contatti-st-raphael-hotel\/\" \/>\n<meta property=\"og:locale\" content=\"it_IT\" \/>\n<meta property=\"og:type\" content=\"article\" \/>\n<meta property=\"og:title\" content=\"St Raphael Hotel - H\u00f4tel il 21 \u2013 Contatti &amp; prenotazioni\" \/>\n<meta property=\"og:description\" content=\"St raphael hotel, LE 21 H\u00d4TEL DE FRANCE Adresse : 21, place Mal. Galli\u00e9ni F - 83700 Saint-Rapha\u00ebl T\u00e9l.: +33(0)4 94 19 21 21\" \/>\n<meta property=\"og:url\" content=\"https:\/\/www.le21-hotel.com\/it\/contatti-st-raphael-hotel\/\" \/>\n<meta property=\"og:site_name\" content=\"Hotel le 21\" \/>\n<meta property=\"article:modified_time\" content=\"2019-11-12T12:27:09+00:00\" \/>\n<meta property=\"og:image\" content=\"https:\/\/www.le21-hotel.com\/wp-content\/uploads\/2015\/03\/slide-contact-191.jpg\" \/>\n\t<meta property=\"og:image:width\" content=\"1919\" \/>\n\t<meta property=\"og:image:height\" content=\"548\" \/>\n\t<meta property=\"og:image:type\" content=\"image\/jpeg\" \/>\n<script type=\"application\/ld+json\" class=\"yoast-schema-graph\">{\"@context\":\"https:\/\/schema.org\",\"@graph\":[{\"@type\":\"WebPage\",\"@id\":\"https:\/\/www.le21-hotel.com\/it\/contatti-st-raphael-hotel\/\",\"url\":\"https:\/\/www.le21-hotel.com\/it\/contatti-st-raphael-hotel\/\",\"name\":\"St Raphael Hotel - H\u00f4tel il 21 \u2013 Contatti & prenotazioni\",\"isPartOf\":{\"@id\":\"https:\/\/www.le21-hotel.com\/#website\"},\"datePublished\":\"2015-03-16T15:54:52+00:00\",\"dateModified\":\"2019-11-12T12:27:09+00:00\",\"description\":\"St raphael hotel, LE 21 H\u00d4TEL DE FRANCE Adresse : 21, place Mal. Galli\u00e9ni F - 83700 Saint-Rapha\u00ebl T\u00e9l.: +33(0)4 94 19 21 21\",\"breadcrumb\":{\"@id\":\"https:\/\/www.le21-hotel.com\/it\/contatti-st-raphael-hotel\/#breadcrumb\"},\"inLanguage\":\"it-IT\",\"potentialAction\":[{\"@type\":\"ReadAction\",\"target\":[\"https:\/\/www.le21-hotel.com\/it\/contatti-st-raphael-hotel\/\"]}]},{\"@type\":\"BreadcrumbList\",\"@id\":\"https:\/\/www.le21-hotel.com\/it\/contatti-st-raphael-hotel\/#breadcrumb\",\"itemListElement\":[{\"@type\":\"ListItem\",\"position\":1,\"name\":\"Accueil\",\"item\":\"https:\/\/www.le21-hotel.com\/it\/\"},{\"@type\":\"ListItem\",\"position\":2,\"name\":\"Contatti\"}]},{\"@type\":\"WebSite\",\"@id\":\"https:\/\/www.le21-hotel.com\/#website\",\"url\":\"https:\/\/www.le21-hotel.com\/\",\"name\":\"Hotel le 21\",\"description\":\".\",\"potentialAction\":[{\"@type\":\"SearchAction\",\"target\":{\"@type\":\"EntryPoint\",\"urlTemplate\":\"https:\/\/www.le21-hotel.com\/?s={search_term_string}\"},\"query-input\":\"required name=search_term_string\"}],\"inLanguage\":\"it-IT\"}]}<\/script>","yoast_head_json":{"title":"St Raphael Hotel - H\u00f4tel il 21 \u2013 Contatti & prenotazioni","description":"St raphael hotel, LE 21 H\u00d4TEL DE FRANCE Adresse : 21, place Mal. Galli\u00e9ni F - 83700 Saint-Rapha\u00ebl T\u00e9l.: +33(0)4 94 19 21 21","robots":{"index":"index","follow":"follow","max-snippet":"max-snippet:-1","max-image-preview":"max-image-preview:large","max-video-preview":"max-video-preview:-1"},"canonical":"https:\/\/www.le21-hotel.com\/it\/contatti-st-raphael-hotel\/","og_locale":"it_IT","og_type":"article","og_title":"St Raphael Hotel - H\u00f4tel il 21 \u2013 Contatti & prenotazioni","og_description":"St raphael hotel, LE 21 H\u00d4TEL DE FRANCE Adresse : 21, place Mal. Galli\u00e9ni F - 83700 Saint-Rapha\u00ebl T\u00e9l.: +33(0)4 94 19 21 21","og_url":"https:\/\/www.le21-hotel.com\/it\/contatti-st-raphael-hotel\/","og_site_name":"Hotel le 21","article_modified_time":"2019-11-12T12:27:09+00:00","og_image":[{"width":1919,"height":548,"url":"https:\/\/www.le21-hotel.com\/wp-content\/uploads\/2015\/03\/slide-contact-191.jpg","type":"image\/jpeg"}],"schema":{"@context":"https:\/\/schema.org","@graph":[{"@type":"WebPage","@id":"https:\/\/www.le21-hotel.com\/it\/contatti-st-raphael-hotel\/","url":"https:\/\/www.le21-hotel.com\/it\/contatti-st-raphael-hotel\/","name":"St Raphael Hotel - H\u00f4tel il 21 \u2013 Contatti & prenotazioni","isPartOf":{"@id":"https:\/\/www.le21-hotel.com\/#website"},"datePublished":"2015-03-16T15:54:52+00:00","dateModified":"2019-11-12T12:27:09+00:00","description":"St raphael hotel, LE 21 H\u00d4TEL DE FRANCE Adresse : 21, place Mal. Galli\u00e9ni F - 83700 Saint-Rapha\u00ebl T\u00e9l.: +33(0)4 94 19 21 21","breadcrumb":{"@id":"https:\/\/www.le21-hotel.com\/it\/contatti-st-raphael-hotel\/#breadcrumb"},"inLanguage":"it-IT","potentialAction":[{"@type":"ReadAction","target":["https:\/\/www.le21-hotel.com\/it\/contatti-st-raphael-hotel\/"]}]},{"@type":"BreadcrumbList","@id":"https:\/\/www.le21-hotel.com\/it\/contatti-st-raphael-hotel\/#breadcrumb","itemListElement":[{"@type":"ListItem","position":1,"name":"Accueil","item":"https:\/\/www.le21-hotel.com\/it\/"},{"@type":"ListItem","position":2,"name":"Contatti"}]},{"@type":"WebSite","@id":"https:\/\/www.le21-hotel.com\/#website","url":"https:\/\/www.le21-hotel.com\/","name":"Hotel le 21","description":".","potentialAction":[{"@type":"SearchAction","target":{"@type":"EntryPoint","urlTemplate":"https:\/\/www.le21-hotel.com\/?s={search_term_string}"},"query-input":"required name=search_term_string"}],"inLanguage":"it-IT"}]}},"_links":{"self":[{"href":"https:\/\/www.le21-hotel.com\/it\/wp-json\/wp\/v2\/pages\/822"}],"collection":[{"href":"https:\/\/www.le21-hotel.com\/it\/wp-json\/wp\/v2\/pages"}],"about":[{"href":"https:\/\/www.le21-hotel.com\/it\/wp-json\/wp\/v2\/types\/page"}],"author":[{"embeddable":true,"href":"https:\/\/www.le21-hotel.com\/it\/wp-json\/wp\/v2\/users\/3"}],"replies":[{"embeddable":true,"href":"https:\/\/www.le21-hotel.com\/it\/wp-json\/wp\/v2\/comments?post=822"}],"version-history":[{"count":4,"href":"https:\/\/www.le21-hotel.com\/it\/wp-json\/wp\/v2\/pages\/822\/revisions"}],"predecessor-version":[{"id":1193,"href":"https:\/\/www.le21-hotel.com\/it\/wp-json\/wp\/v2\/pages\/822\/revisions\/1193"}],"wp:featuredmedia":[{"embeddable":true,"href":"https:\/\/www.le21-hotel.com\/it\/wp-json\/wp\/v2\/media\/1710"}],"wp:attachment":[{"href":"https:\/\/www.le21-hotel.com\/it\/wp-json\/wp\/v2\/media?parent=822"}],"curies":[{"name":"wp","href":"https:\/\/api.w.org\/{rel}","templated":true}]}}