{"id":805,"date":"2016-10-31T14:59:02","date_gmt":"2016-10-31T14:59:02","guid":{"rendered":"http:\/\/www.le21-hotel.com\/it\/saint-raphael-hotel-activites\/"},"modified":"2023-08-03T10:18:43","modified_gmt":"2023-08-03T10:18:43","slug":"saint-raphael-hotel-activita","status":"publish","type":"page","link":"https:\/\/www.le21-hotel.com\/it\/saint-raphael-hotel-activita\/","title":{"rendered":"Attivit\u00e0"},"content":{"rendered":"<h2 style=\"text-align: center;\"><span class=\"basic-title ssa-top col-xs-offset-bottom-6\">COSA fare NEI DINTORNI ?<\/span><\/h2>\n<p>&nbsp;<\/p>\n<p>Quale attivit\u00e0 scegliere quando viene a l&#8217;H\u00f4tel le 21 in Saint-Rapha\u00ebl? Camminare sulle spiagge di sabbia fine, oppure esplorare il massiccio dell&#8217; Esterel con le sue roccie rosse che si specchiano nelle acque trasparenti; passeggiare nelle vie del centro assagiando la cucina locale in uno dei tanti ristoranti presenti. Queste ed altro ancora saranno le vostre vacanze a St Rapha\u00ebl: <a href=\"http:\/\/circuits.esterel-cotedazur.com\" target=\"_blank\" rel=\"noopener noreferrer\">numerosi circuiti turistici<\/a> vi saranno proposti.<\/p>\n<p>Ma chi dice sole e mare, dice ulgualmente attivit\u00e0 nautiche nel mezzo della natura libera; non mancate le escursioni in battello oppure una partita di golf per esempio ! Senza dimenticare una visita in uno dei numerosi parchi acquatici adiacenti.<\/p>\n<p>&nbsp;<\/p>\n<p>&nbsp;<\/p>\n","protected":false},"excerpt":{"rendered":"<p>COSA fare NEI DINTORNI ? &nbsp; Quale attivit\u00e0 scegliere quando viene a l&#8217;H\u00f4tel le 21 in Saint-Rapha\u00ebl? Camminare sulle spiagge di sabbia fine, oppure esplorare il massiccio dell&#8217; Esterel con le sue roccie rosse che si specchiano nelle acque trasparenti; passeggiare nelle vie del centro assagiando la cucina locale in uno dei tanti ristoranti presenti.<a class=\"moretag\" href=\"https:\/\/www.le21-hotel.com\/it\/saint-raphael-hotel-activita\/\">Your Read More Link Text<\/a><\/p>\n","protected":false},"author":3,"featured_media":1748,"parent":0,"menu_order":0,"comment_status":"closed","ping_status":"closed","template":"modeles-de-page\/page-activites.php","meta":[],"acf":[],"yoast_head":"<title>Saint Raphael Hotel \u2013 H\u00f4tel il 21 \u2013 Le attivit\u00e0 nei dintorni<\/title>\n<meta name=\"description\" content=\"Saint-Raphael Hotel il 21 : che fare nei dintorni Camminare sulle spiagge di sabbia fine, oppure esplorare il massiccio dell\u2019 Esterel con le sue roccie rosse....\" \/>\n<meta name=\"robots\" content=\"index, follow, max-snippet:-1, max-image-preview:large, max-video-preview:-1\" \/>\n<link rel=\"canonical\" href=\"https:\/\/www.le21-hotel.com\/it\/saint-raphael-hotel-activita\/\" \/>\n<meta property=\"og:locale\" content=\"it_IT\" \/>\n<meta property=\"og:type\" content=\"article\" \/>\n<meta property=\"og:title\" content=\"Saint Raphael Hotel \u2013 H\u00f4tel il 21 \u2013 Le attivit\u00e0 nei dintorni\" \/>\n<meta property=\"og:description\" content=\"Saint-Raphael Hotel il 21 : che fare nei dintorni Camminare sulle spiagge di sabbia fine, oppure esplorare il massiccio dell\u2019 Esterel con le sue roccie rosse....\" \/>\n<meta property=\"og:url\" content=\"https:\/\/www.le21-hotel.com\/it\/saint-raphael-hotel-activita\/\" \/>\n<meta property=\"og:site_name\" content=\"Hotel le 21\" \/>\n<meta property=\"article:modified_time\" content=\"2023-08-03T10:18:43+00:00\" \/>\n<meta property=\"og:image\" content=\"https:\/\/www.le21-hotel.com\/wp-content\/uploads\/2016\/10\/slide-page-activites-1-191.jpg\" \/>\n\t<meta property=\"og:image:width\" content=\"1919\" \/>\n\t<meta property=\"og:image:height\" content=\"548\" \/>\n\t<meta property=\"og:image:type\" content=\"image\/jpeg\" \/>\n<meta name=\"twitter:label1\" content=\"Tempo di lettura stimato\" \/>\n\t<meta name=\"twitter:data1\" content=\"1 minuto\" \/>\n<script type=\"application\/ld+json\" class=\"yoast-schema-graph\">{\"@context\":\"https:\/\/schema.org\",\"@graph\":[{\"@type\":\"WebPage\",\"@id\":\"https:\/\/www.le21-hotel.com\/it\/saint-raphael-hotel-activita\/\",\"url\":\"https:\/\/www.le21-hotel.com\/it\/saint-raphael-hotel-activita\/\",\"name\":\"Saint Raphael Hotel \u2013 H\u00f4tel il 21 \u2013 Le attivit\u00e0 nei dintorni\",\"isPartOf\":{\"@id\":\"https:\/\/www.le21-hotel.com\/#website\"},\"datePublished\":\"2016-10-31T14:59:02+00:00\",\"dateModified\":\"2023-08-03T10:18:43+00:00\",\"description\":\"Saint-Raphael Hotel il 21 : che fare nei dintorni Camminare sulle spiagge di sabbia fine, oppure esplorare il massiccio dell\u2019 Esterel con le sue roccie rosse....\",\"breadcrumb\":{\"@id\":\"https:\/\/www.le21-hotel.com\/it\/saint-raphael-hotel-activita\/#breadcrumb\"},\"inLanguage\":\"it-IT\",\"potentialAction\":[{\"@type\":\"ReadAction\",\"target\":[\"https:\/\/www.le21-hotel.com\/it\/saint-raphael-hotel-activita\/\"]}]},{\"@type\":\"BreadcrumbList\",\"@id\":\"https:\/\/www.le21-hotel.com\/it\/saint-raphael-hotel-activita\/#breadcrumb\",\"itemListElement\":[{\"@type\":\"ListItem\",\"position\":1,\"name\":\"Accueil\",\"item\":\"https:\/\/www.le21-hotel.com\/it\/\"},{\"@type\":\"ListItem\",\"position\":2,\"name\":\"Attivit\u00e0\"}]},{\"@type\":\"WebSite\",\"@id\":\"https:\/\/www.le21-hotel.com\/#website\",\"url\":\"https:\/\/www.le21-hotel.com\/\",\"name\":\"Hotel le 21\",\"description\":\".\",\"potentialAction\":[{\"@type\":\"SearchAction\",\"target\":{\"@type\":\"EntryPoint\",\"urlTemplate\":\"https:\/\/www.le21-hotel.com\/?s={search_term_string}\"},\"query-input\":\"required name=search_term_string\"}],\"inLanguage\":\"it-IT\"}]}<\/script>","yoast_head_json":{"title":"Saint Raphael Hotel \u2013 H\u00f4tel il 21 \u2013 Le attivit\u00e0 nei dintorni","description":"Saint-Raphael Hotel il 21 : che fare nei dintorni Camminare sulle spiagge di sabbia fine, oppure esplorare il massiccio dell\u2019 Esterel con le sue roccie rosse....","robots":{"index":"index","follow":"follow","max-snippet":"max-snippet:-1","max-image-preview":"max-image-preview:large","max-video-preview":"max-video-preview:-1"},"canonical":"https:\/\/www.le21-hotel.com\/it\/saint-raphael-hotel-activita\/","og_locale":"it_IT","og_type":"article","og_title":"Saint Raphael Hotel \u2013 H\u00f4tel il 21 \u2013 Le attivit\u00e0 nei dintorni","og_description":"Saint-Raphael Hotel il 21 : che fare nei dintorni Camminare sulle spiagge di sabbia fine, oppure esplorare il massiccio dell\u2019 Esterel con le sue roccie rosse....","og_url":"https:\/\/www.le21-hotel.com\/it\/saint-raphael-hotel-activita\/","og_site_name":"Hotel le 21","article_modified_time":"2023-08-03T10:18:43+00:00","og_image":[{"width":1919,"height":548,"url":"https:\/\/www.le21-hotel.com\/wp-content\/uploads\/2016\/10\/slide-page-activites-1-191.jpg","type":"image\/jpeg"}],"twitter_misc":{"Tempo di lettura stimato":"1 minuto"},"schema":{"@context":"https:\/\/schema.org","@graph":[{"@type":"WebPage","@id":"https:\/\/www.le21-hotel.com\/it\/saint-raphael-hotel-activita\/","url":"https:\/\/www.le21-hotel.com\/it\/saint-raphael-hotel-activita\/","name":"Saint Raphael Hotel \u2013 H\u00f4tel il 21 \u2013 Le attivit\u00e0 nei dintorni","isPartOf":{"@id":"https:\/\/www.le21-hotel.com\/#website"},"datePublished":"2016-10-31T14:59:02+00:00","dateModified":"2023-08-03T10:18:43+00:00","description":"Saint-Raphael Hotel il 21 : che fare nei dintorni Camminare sulle spiagge di sabbia fine, oppure esplorare il massiccio dell\u2019 Esterel con le sue roccie rosse....","breadcrumb":{"@id":"https:\/\/www.le21-hotel.com\/it\/saint-raphael-hotel-activita\/#breadcrumb"},"inLanguage":"it-IT","potentialAction":[{"@type":"ReadAction","target":["https:\/\/www.le21-hotel.com\/it\/saint-raphael-hotel-activita\/"]}]},{"@type":"BreadcrumbList","@id":"https:\/\/www.le21-hotel.com\/it\/saint-raphael-hotel-activita\/#breadcrumb","itemListElement":[{"@type":"ListItem","position":1,"name":"Accueil","item":"https:\/\/www.le21-hotel.com\/it\/"},{"@type":"ListItem","position":2,"name":"Attivit\u00e0"}]},{"@type":"WebSite","@id":"https:\/\/www.le21-hotel.com\/#website","url":"https:\/\/www.le21-hotel.com\/","name":"Hotel le 21","description":".","potentialAction":[{"@type":"SearchAction","target":{"@type":"EntryPoint","urlTemplate":"https:\/\/www.le21-hotel.com\/?s={search_term_string}"},"query-input":"required name=search_term_string"}],"inLanguage":"it-IT"}]}},"_links":{"self":[{"href":"https:\/\/www.le21-hotel.com\/it\/wp-json\/wp\/v2\/pages\/805"}],"collection":[{"href":"https:\/\/www.le21-hotel.com\/it\/wp-json\/wp\/v2\/pages"}],"about":[{"href":"https:\/\/www.le21-hotel.com\/it\/wp-json\/wp\/v2\/types\/page"}],"author":[{"embeddable":true,"href":"https:\/\/www.le21-hotel.com\/it\/wp-json\/wp\/v2\/users\/3"}],"replies":[{"embeddable":true,"href":"https:\/\/www.le21-hotel.com\/it\/wp-json\/wp\/v2\/comments?post=805"}],"version-history":[{"count":5,"href":"https:\/\/www.le21-hotel.com\/it\/wp-json\/wp\/v2\/pages\/805\/revisions"}],"predecessor-version":[{"id":1753,"href":"https:\/\/www.le21-hotel.com\/it\/wp-json\/wp\/v2\/pages\/805\/revisions\/1753"}],"wp:featuredmedia":[{"embeddable":true,"href":"https:\/\/www.le21-hotel.com\/it\/wp-json\/wp\/v2\/media\/1748"}],"wp:attachment":[{"href":"https:\/\/www.le21-hotel.com\/it\/wp-json\/wp\/v2\/media?parent=805"}],"curies":[{"name":"wp","href":"https:\/\/api.w.org\/{rel}","templated":true}]}}