{"id":792,"date":"2016-11-24T10:53:32","date_gmt":"2016-11-24T10:53:32","guid":{"rendered":"http:\/\/www.le21-hotel.com\/it\/conditions-generales-de-vente\/"},"modified":"2019-11-12T12:05:21","modified_gmt":"2019-11-12T12:05:21","slug":"condizioni-generali-di-vendita","status":"publish","type":"page","link":"https:\/\/www.le21-hotel.com\/it\/condizioni-generali-di-vendita\/","title":{"rendered":"Condizioni di vendita"},"content":{"rendered":"<p style=\"text-align: center;\"><a href=\"http:\/\/www.le21-hotel.com\/wp-content\/uploads\/2017\/05\/LE-21-CGV-2017-it.pdf\" target=\"_blank\" rel=\"noopener noreferrer\"><span class=\"ww_link\">\u00a0T\u00e9l\u00e9charger le PDF<\/span><\/a><\/p>\n<h2 style=\"text-align: center;\"><span class=\"basic-title pink col-xs-offset-top-4\">pRenotazione<\/span><\/h2>\n<p style=\"text-align: center;\">Per le prenotazioni con condizioni flessibili \u00e8 richiesto un numero di carta di credito al momento della prenotazione. (Carte di credito accettate: visto \u2013 MasterCard \u2013 American Express).<br \/>\nLe offerte non cancellabili non rimborsabili sono pagabili al momento della prenotazione. La carta utilizzata per la prenotazione e un documento d\u2019identit\u00e0 corrispondente saranno richiesti al vostro arrivo.<br \/>\nIl saldo della prenotazione iniziale si effettua all\u2019arrivo.<br \/>\nPrezzi indicativi soggetti a modifica senza preavviso, da confermare al momento della prenotazione<\/p>\n<p style=\"text-align: center;\"><span class=\"basic-title pink col-xs-offset-top-4\">Arrivo \/\u00a0partenza<\/span><\/p>\n<p style=\"text-align: center;\">\n<p style=\"text-align: center;\">\n<p style=\"text-align: center;\">\n<p style=\"text-align: center;\">Le camere saranno disponibili dalle 15 per i periodi dal 01 gennaio al 31 maggio e dal 16 settembre al 31 dicembre e dalle 16 per i periodi dal 01 giugno al 15 settembre<\/p>\n<p style=\"text-align: center;\">Il giorno della partenza, la camera deve essere liberata entro le 11.<\/p>\n<p style=\"text-align: center;\">\n<p style=\"text-align: center;\"><strong>Conttateci per beneficiare delle vostre migliori offerte.<\/strong><\/p>\n<p>&nbsp;<\/p>\n<p style=\"text-align: center;\"><span class=\"col-xs-offset-bottom-5\"><a href=\"http:\/\/www.le21-hotel.com\/wp-content\/uploads\/2017\/05\/LE-21-CGV-2017-it.pdf\" target=\"_blank\" rel=\"noopener noreferrer\"><span class=\"ww_link\">\u00a0T\u00e9l\u00e9charger le PDF<\/span><\/a><\/span><\/p>\n","protected":false},"excerpt":{"rendered":"<p>\u00a0T\u00e9l\u00e9charger le PDF pRenotazione Per le prenotazioni con condizioni flessibili \u00e8 richiesto un numero di carta di credito al momento della prenotazione. (Carte di credito accettate: visto \u2013 MasterCard \u2013 American Express). Le offerte non cancellabili non rimborsabili sono pagabili al momento della prenotazione. La carta utilizzata per la prenotazione e un documento d\u2019identit\u00e0 corrispondente<a class=\"moretag\" href=\"https:\/\/www.le21-hotel.com\/it\/condizioni-generali-di-vendita\/\">Your Read More Link Text<\/a><\/p>\n","protected":false},"author":3,"featured_media":0,"parent":0,"menu_order":0,"comment_status":"closed","ping_status":"closed","template":"","meta":[],"acf":[],"yoast_head":"<title>Hotel saint raphael migliori prezzi \u2013 Hotel le 21 \u2013 Condizioni generali di vendit\u00e0<\/title>\n<meta name=\"description\" content=\"Hotel saint raphael migliori prezzi \u2013 Hotel il 21, nel caso di prenotazione con caparr\u00e0, le camere sono disponibilie dalle ore 16.00 ....\" \/>\n<meta name=\"robots\" content=\"index, follow, max-snippet:-1, max-image-preview:large, max-video-preview:-1\" \/>\n<link rel=\"canonical\" href=\"https:\/\/www.le21-hotel.com\/it\/condizioni-generali-di-vendita\/\" \/>\n<meta property=\"og:locale\" content=\"it_IT\" \/>\n<meta property=\"og:type\" content=\"article\" \/>\n<meta property=\"og:title\" content=\"Hotel saint raphael migliori prezzi \u2013 Hotel le 21 \u2013 Condizioni generali di vendit\u00e0\" \/>\n<meta property=\"og:description\" content=\"Hotel saint raphael migliori prezzi \u2013 Hotel il 21, nel caso di prenotazione con caparr\u00e0, le camere sono disponibilie dalle ore 16.00 ....\" \/>\n<meta property=\"og:url\" content=\"https:\/\/www.le21-hotel.com\/it\/condizioni-generali-di-vendita\/\" \/>\n<meta property=\"og:site_name\" content=\"Hotel le 21\" \/>\n<meta property=\"article:modified_time\" content=\"2019-11-12T12:05:21+00:00\" \/>\n<meta name=\"twitter:label1\" content=\"Tempo di lettura stimato\" \/>\n\t<meta name=\"twitter:data1\" content=\"1 minuto\" \/>\n<script type=\"application\/ld+json\" class=\"yoast-schema-graph\">{\"@context\":\"https:\/\/schema.org\",\"@graph\":[{\"@type\":\"WebPage\",\"@id\":\"https:\/\/www.le21-hotel.com\/it\/condizioni-generali-di-vendita\/\",\"url\":\"https:\/\/www.le21-hotel.com\/it\/condizioni-generali-di-vendita\/\",\"name\":\"Hotel saint raphael migliori prezzi \u2013 Hotel le 21 \u2013 Condizioni generali di vendit\u00e0\",\"isPartOf\":{\"@id\":\"https:\/\/www.le21-hotel.com\/#website\"},\"datePublished\":\"2016-11-24T10:53:32+00:00\",\"dateModified\":\"2019-11-12T12:05:21+00:00\",\"description\":\"Hotel saint raphael migliori prezzi \u2013 Hotel il 21, nel caso di prenotazione con caparr\u00e0, le camere sono disponibilie dalle ore 16.00 ....\",\"breadcrumb\":{\"@id\":\"https:\/\/www.le21-hotel.com\/it\/condizioni-generali-di-vendita\/#breadcrumb\"},\"inLanguage\":\"it-IT\",\"potentialAction\":[{\"@type\":\"ReadAction\",\"target\":[\"https:\/\/www.le21-hotel.com\/it\/condizioni-generali-di-vendita\/\"]}]},{\"@type\":\"BreadcrumbList\",\"@id\":\"https:\/\/www.le21-hotel.com\/it\/condizioni-generali-di-vendita\/#breadcrumb\",\"itemListElement\":[{\"@type\":\"ListItem\",\"position\":1,\"name\":\"Accueil\",\"item\":\"https:\/\/www.le21-hotel.com\/it\/\"},{\"@type\":\"ListItem\",\"position\":2,\"name\":\"Condizioni di vendita\"}]},{\"@type\":\"WebSite\",\"@id\":\"https:\/\/www.le21-hotel.com\/#website\",\"url\":\"https:\/\/www.le21-hotel.com\/\",\"name\":\"Hotel le 21\",\"description\":\".\",\"potentialAction\":[{\"@type\":\"SearchAction\",\"target\":{\"@type\":\"EntryPoint\",\"urlTemplate\":\"https:\/\/www.le21-hotel.com\/?s={search_term_string}\"},\"query-input\":\"required name=search_term_string\"}],\"inLanguage\":\"it-IT\"}]}<\/script>","yoast_head_json":{"title":"Hotel saint raphael migliori prezzi \u2013 Hotel le 21 \u2013 Condizioni generali di vendit\u00e0","description":"Hotel saint raphael migliori prezzi \u2013 Hotel il 21, nel caso di prenotazione con caparr\u00e0, le camere sono disponibilie dalle ore 16.00 ....","robots":{"index":"index","follow":"follow","max-snippet":"max-snippet:-1","max-image-preview":"max-image-preview:large","max-video-preview":"max-video-preview:-1"},"canonical":"https:\/\/www.le21-hotel.com\/it\/condizioni-generali-di-vendita\/","og_locale":"it_IT","og_type":"article","og_title":"Hotel saint raphael migliori prezzi \u2013 Hotel le 21 \u2013 Condizioni generali di vendit\u00e0","og_description":"Hotel saint raphael migliori prezzi \u2013 Hotel il 21, nel caso di prenotazione con caparr\u00e0, le camere sono disponibilie dalle ore 16.00 ....","og_url":"https:\/\/www.le21-hotel.com\/it\/condizioni-generali-di-vendita\/","og_site_name":"Hotel le 21","article_modified_time":"2019-11-12T12:05:21+00:00","twitter_misc":{"Tempo di lettura stimato":"1 minuto"},"schema":{"@context":"https:\/\/schema.org","@graph":[{"@type":"WebPage","@id":"https:\/\/www.le21-hotel.com\/it\/condizioni-generali-di-vendita\/","url":"https:\/\/www.le21-hotel.com\/it\/condizioni-generali-di-vendita\/","name":"Hotel saint raphael migliori prezzi \u2013 Hotel le 21 \u2013 Condizioni generali di vendit\u00e0","isPartOf":{"@id":"https:\/\/www.le21-hotel.com\/#website"},"datePublished":"2016-11-24T10:53:32+00:00","dateModified":"2019-11-12T12:05:21+00:00","description":"Hotel saint raphael migliori prezzi \u2013 Hotel il 21, nel caso di prenotazione con caparr\u00e0, le camere sono disponibilie dalle ore 16.00 ....","breadcrumb":{"@id":"https:\/\/www.le21-hotel.com\/it\/condizioni-generali-di-vendita\/#breadcrumb"},"inLanguage":"it-IT","potentialAction":[{"@type":"ReadAction","target":["https:\/\/www.le21-hotel.com\/it\/condizioni-generali-di-vendita\/"]}]},{"@type":"BreadcrumbList","@id":"https:\/\/www.le21-hotel.com\/it\/condizioni-generali-di-vendita\/#breadcrumb","itemListElement":[{"@type":"ListItem","position":1,"name":"Accueil","item":"https:\/\/www.le21-hotel.com\/it\/"},{"@type":"ListItem","position":2,"name":"Condizioni di vendita"}]},{"@type":"WebSite","@id":"https:\/\/www.le21-hotel.com\/#website","url":"https:\/\/www.le21-hotel.com\/","name":"Hotel le 21","description":".","potentialAction":[{"@type":"SearchAction","target":{"@type":"EntryPoint","urlTemplate":"https:\/\/www.le21-hotel.com\/?s={search_term_string}"},"query-input":"required name=search_term_string"}],"inLanguage":"it-IT"}]}},"_links":{"self":[{"href":"https:\/\/www.le21-hotel.com\/it\/wp-json\/wp\/v2\/pages\/792"}],"collection":[{"href":"https:\/\/www.le21-hotel.com\/it\/wp-json\/wp\/v2\/pages"}],"about":[{"href":"https:\/\/www.le21-hotel.com\/it\/wp-json\/wp\/v2\/types\/page"}],"author":[{"embeddable":true,"href":"https:\/\/www.le21-hotel.com\/it\/wp-json\/wp\/v2\/users\/3"}],"replies":[{"embeddable":true,"href":"https:\/\/www.le21-hotel.com\/it\/wp-json\/wp\/v2\/comments?post=792"}],"version-history":[{"count":3,"href":"https:\/\/www.le21-hotel.com\/it\/wp-json\/wp\/v2\/pages\/792\/revisions"}],"predecessor-version":[{"id":1184,"href":"https:\/\/www.le21-hotel.com\/it\/wp-json\/wp\/v2\/pages\/792\/revisions\/1184"}],"wp:attachment":[{"href":"https:\/\/www.le21-hotel.com\/it\/wp-json\/wp\/v2\/media?parent=792"}],"curies":[{"name":"wp","href":"https:\/\/api.w.org\/{rel}","templated":true}]}}