{"id":695,"date":"2014-07-25T14:14:33","date_gmt":"2014-07-25T14:14:33","guid":{"rendered":"http:\/\/www.le21-hotel.com\/it\/?page_id=695"},"modified":"2019-11-12T11:12:05","modified_gmt":"2019-11-12T11:12:05","slug":"hotel-saint-raphael","status":"publish","type":"page","link":"https:\/\/www.le21-hotel.com\/it\/hotel-saint-raphael\/","title":{"rendered":"Hotel LE 21"},"content":{"rendered":"<p style=\"text-align: justify;\"><span style=\"font-size: 18px;\">L&#8217;H\u00d4TEL LE 21\u00a0\u00e8 situato in centro citt\u00e0, a 200 metri dalle spiagge sabbiose, dal Porto, dalle Sale giocchi del Casino, dai Ristoranti, dalla stazione ferroviara, dalla Stazione degli autobus e dai parcheggi pubblici. Costruito nel 1863 da Hilarion Sequier, l&#8217;hotel LE 21 (<a href=\"http:\/\/www.hotels-st-raphael.com\/\">Hotel St Raphael<\/a>) fa parte delle strutture alberghiere storiche di St Raphael. Rinomata localit\u00e0 di villeggiatura St Raphael si trova ubicata in una posizione ideale sulla Costa Azzurra tra Cannes e St Tropez. Che siate a St Raphael per turismo e\/o per affari un accoglienza conviviale e personalizzata Vi sar\u00e0 riservata dalla nostra equipe che Vi aggiorner\u00e0 sull&#8217;insieme delle attivit\u00e0 sportive di svago disponibili con lo scopo di rendere la Vostra permanenza gradevole e indimenticabile.<\/span><\/p>\n<p style=\"text-align: justify;\">\n","protected":false},"excerpt":{"rendered":"<p>L&#8217;H\u00d4TEL LE 21\u00a0\u00e8 situato in centro citt\u00e0, a 200 metri dalle spiagge sabbiose, dal Porto, dalle Sale giocchi del Casino, dai Ristoranti, dalla stazione ferroviara, dalla Stazione degli autobus e dai parcheggi pubblici. Costruito nel 1863 da Hilarion Sequier, l&#8217;hotel LE 21 (Hotel St Raphael) fa parte delle strutture alberghiere storiche di St Raphael. Rinomata<a class=\"moretag\" href=\"https:\/\/www.le21-hotel.com\/it\/hotel-saint-raphael\/\">Your Read More Link Text<\/a><\/p>\n","protected":false},"author":3,"featured_media":0,"parent":0,"menu_order":-1,"comment_status":"closed","ping_status":"closed","template":"modeles-de-page\/page-hotel.php","meta":[],"acf":[],"yoast_head":"<title>Hotel St Raphael \u2013 Hotel le 21 in Saint-Raphael di fronte al mare<\/title>\n<meta name=\"description\" content=\"Hotel st Raphael : L\u2019hotel il 21 \u00e8 situato nel centro citt\u00e0, \u00e0 200 metri dal mare, dal casino dei giochi, dei ristoranti e parcheggi pubblici\" \/>\n<meta name=\"robots\" content=\"index, follow, max-snippet:-1, max-image-preview:large, max-video-preview:-1\" \/>\n<link rel=\"canonical\" href=\"https:\/\/www.le21-hotel.com\/it\/hotel-saint-raphael\/\" \/>\n<meta property=\"og:locale\" content=\"it_IT\" \/>\n<meta property=\"og:type\" content=\"article\" \/>\n<meta property=\"og:title\" content=\"Hotel St Raphael \u2013 Hotel le 21 in Saint-Raphael di fronte al mare\" \/>\n<meta property=\"og:description\" content=\"Hotel st Raphael : L\u2019hotel il 21 \u00e8 situato nel centro citt\u00e0, \u00e0 200 metri dal mare, dal casino dei giochi, dei ristoranti e parcheggi pubblici\" \/>\n<meta property=\"og:url\" content=\"https:\/\/www.le21-hotel.com\/it\/hotel-saint-raphael\/\" \/>\n<meta property=\"og:site_name\" content=\"Hotel le 21\" \/>\n<meta property=\"article:modified_time\" content=\"2019-11-12T11:12:05+00:00\" \/>\n<meta name=\"twitter:label1\" content=\"Tempo di lettura stimato\" \/>\n\t<meta name=\"twitter:data1\" content=\"1 minuto\" \/>\n<script type=\"application\/ld+json\" class=\"yoast-schema-graph\">{\"@context\":\"https:\/\/schema.org\",\"@graph\":[{\"@type\":\"WebPage\",\"@id\":\"https:\/\/www.le21-hotel.com\/it\/hotel-saint-raphael\/\",\"url\":\"https:\/\/www.le21-hotel.com\/it\/hotel-saint-raphael\/\",\"name\":\"Hotel St Raphael \u2013 Hotel le 21 in Saint-Raphael di fronte al mare\",\"isPartOf\":{\"@id\":\"https:\/\/www.le21-hotel.com\/#website\"},\"datePublished\":\"2014-07-25T14:14:33+00:00\",\"dateModified\":\"2019-11-12T11:12:05+00:00\",\"description\":\"Hotel st Raphael : L\u2019hotel il 21 \u00e8 situato nel centro citt\u00e0, \u00e0 200 metri dal mare, dal casino dei giochi, dei ristoranti e parcheggi pubblici\",\"breadcrumb\":{\"@id\":\"https:\/\/www.le21-hotel.com\/it\/hotel-saint-raphael\/#breadcrumb\"},\"inLanguage\":\"it-IT\",\"potentialAction\":[{\"@type\":\"ReadAction\",\"target\":[\"https:\/\/www.le21-hotel.com\/it\/hotel-saint-raphael\/\"]}]},{\"@type\":\"BreadcrumbList\",\"@id\":\"https:\/\/www.le21-hotel.com\/it\/hotel-saint-raphael\/#breadcrumb\",\"itemListElement\":[{\"@type\":\"ListItem\",\"position\":1,\"name\":\"Accueil\",\"item\":\"https:\/\/www.le21-hotel.com\/it\/\"},{\"@type\":\"ListItem\",\"position\":2,\"name\":\"Hotel LE 21\"}]},{\"@type\":\"WebSite\",\"@id\":\"https:\/\/www.le21-hotel.com\/#website\",\"url\":\"https:\/\/www.le21-hotel.com\/\",\"name\":\"Hotel le 21\",\"description\":\".\",\"potentialAction\":[{\"@type\":\"SearchAction\",\"target\":{\"@type\":\"EntryPoint\",\"urlTemplate\":\"https:\/\/www.le21-hotel.com\/?s={search_term_string}\"},\"query-input\":\"required name=search_term_string\"}],\"inLanguage\":\"it-IT\"}]}<\/script>","yoast_head_json":{"title":"Hotel St Raphael \u2013 Hotel le 21 in Saint-Raphael di fronte al mare","description":"Hotel st Raphael : L\u2019hotel il 21 \u00e8 situato nel centro citt\u00e0, \u00e0 200 metri dal mare, dal casino dei giochi, dei ristoranti e parcheggi pubblici","robots":{"index":"index","follow":"follow","max-snippet":"max-snippet:-1","max-image-preview":"max-image-preview:large","max-video-preview":"max-video-preview:-1"},"canonical":"https:\/\/www.le21-hotel.com\/it\/hotel-saint-raphael\/","og_locale":"it_IT","og_type":"article","og_title":"Hotel St Raphael \u2013 Hotel le 21 in Saint-Raphael di fronte al mare","og_description":"Hotel st Raphael : L\u2019hotel il 21 \u00e8 situato nel centro citt\u00e0, \u00e0 200 metri dal mare, dal casino dei giochi, dei ristoranti e parcheggi pubblici","og_url":"https:\/\/www.le21-hotel.com\/it\/hotel-saint-raphael\/","og_site_name":"Hotel le 21","article_modified_time":"2019-11-12T11:12:05+00:00","twitter_misc":{"Tempo di lettura stimato":"1 minuto"},"schema":{"@context":"https:\/\/schema.org","@graph":[{"@type":"WebPage","@id":"https:\/\/www.le21-hotel.com\/it\/hotel-saint-raphael\/","url":"https:\/\/www.le21-hotel.com\/it\/hotel-saint-raphael\/","name":"Hotel St Raphael \u2013 Hotel le 21 in Saint-Raphael di fronte al mare","isPartOf":{"@id":"https:\/\/www.le21-hotel.com\/#website"},"datePublished":"2014-07-25T14:14:33+00:00","dateModified":"2019-11-12T11:12:05+00:00","description":"Hotel st Raphael : L\u2019hotel il 21 \u00e8 situato nel centro citt\u00e0, \u00e0 200 metri dal mare, dal casino dei giochi, dei ristoranti e parcheggi pubblici","breadcrumb":{"@id":"https:\/\/www.le21-hotel.com\/it\/hotel-saint-raphael\/#breadcrumb"},"inLanguage":"it-IT","potentialAction":[{"@type":"ReadAction","target":["https:\/\/www.le21-hotel.com\/it\/hotel-saint-raphael\/"]}]},{"@type":"BreadcrumbList","@id":"https:\/\/www.le21-hotel.com\/it\/hotel-saint-raphael\/#breadcrumb","itemListElement":[{"@type":"ListItem","position":1,"name":"Accueil","item":"https:\/\/www.le21-hotel.com\/it\/"},{"@type":"ListItem","position":2,"name":"Hotel LE 21"}]},{"@type":"WebSite","@id":"https:\/\/www.le21-hotel.com\/#website","url":"https:\/\/www.le21-hotel.com\/","name":"Hotel le 21","description":".","potentialAction":[{"@type":"SearchAction","target":{"@type":"EntryPoint","urlTemplate":"https:\/\/www.le21-hotel.com\/?s={search_term_string}"},"query-input":"required name=search_term_string"}],"inLanguage":"it-IT"}]}},"_links":{"self":[{"href":"https:\/\/www.le21-hotel.com\/it\/wp-json\/wp\/v2\/pages\/695"}],"collection":[{"href":"https:\/\/www.le21-hotel.com\/it\/wp-json\/wp\/v2\/pages"}],"about":[{"href":"https:\/\/www.le21-hotel.com\/it\/wp-json\/wp\/v2\/types\/page"}],"author":[{"embeddable":true,"href":"https:\/\/www.le21-hotel.com\/it\/wp-json\/wp\/v2\/users\/3"}],"replies":[{"embeddable":true,"href":"https:\/\/www.le21-hotel.com\/it\/wp-json\/wp\/v2\/comments?post=695"}],"version-history":[{"count":4,"href":"https:\/\/www.le21-hotel.com\/it\/wp-json\/wp\/v2\/pages\/695\/revisions"}],"predecessor-version":[{"id":1179,"href":"https:\/\/www.le21-hotel.com\/it\/wp-json\/wp\/v2\/pages\/695\/revisions\/1179"}],"wp:attachment":[{"href":"https:\/\/www.le21-hotel.com\/it\/wp-json\/wp\/v2\/media?parent=695"}],"curies":[{"name":"wp","href":"https:\/\/api.w.org\/{rel}","templated":true}]}}