{"id":821,"date":"2015-03-16T15:54:52","date_gmt":"2015-03-16T15:54:52","guid":{"rendered":"http:\/\/www.le21-hotel.com\/en\/contact-st-raphael-hotel\/"},"modified":"2019-11-18T12:51:57","modified_gmt":"2019-11-18T12:51:57","slug":"contact-st-raphael-hotel","status":"publish","type":"page","link":"https:\/\/www.le21-hotel.com\/en\/contact-st-raphael-hotel\/","title":{"rendered":"Contact"},"content":{"rendered":"<h2 style=\"text-align: center;\"><span class=\"basic-title nowaves col-xs-offset-bottom-4 col-xs-offset-top-4\" style=\"font-size: 32px;\">LE 21 HOTEL DE FRANCE<\/span><\/h2>\n<p style=\"text-align: center;\">21, place Mal. Galli\u00e9ni F &#8211; 83700 Saint-Rapha\u00ebl<br \/>\nT\u00e9l.: <a href=\"tel:+330494192121\">+33(0)4 94 19 21 21<\/a><br \/>\nFax: <a href=\"tel:+330494191037\">+33(0)4 94 19 10 37<\/a><br \/>\n<a href=\"mailto:info@le21-hotel.com\">info@le21-hotel.com<\/a><\/p>\n<p style=\"text-align: center;\"><strong>OPENING HOURS<\/strong><\/p>\n<p style=\"text-align: center;\"><strong>\u00a0<\/strong><\/p>\n<p style=\"text-align: center;\">From 16th\u00a0June to 14th September (summer) : 7am \u2013 11 pm<br \/>\nFrom 15th September to 15th\u00a0June (winter) : 7am \u2013 9pm<\/p>\n<p style=\"text-align: center;\"><a href=\"http:\/\/www.hotels-st-raphael.com\/\" target=\"_blank\" rel=\"noopener noreferrer\"><span class=\"col-xs-offset-top-3\"><strong><img decoding=\"async\" loading=\"lazy\" class=\"alignnone size-full wp-image-845\" src=\"http:\/\/www.le21-hotel.com\/wp-content\/uploads\/2015\/03\/logo-hotels-st-raphael.png\" alt=\"\" width=\"158\" height=\"67\" \/><\/strong><\/span><\/a><\/p>\n<p style=\"text-align: center;\"><span class=\"col-xs-offset-top-3\"><strong><br \/>\n<\/strong><\/span><strong>MEANS OF PAYMENT<\/strong><\/p>\n","protected":false},"excerpt":{"rendered":"<p>LE 21 HOTEL DE FRANCE 21, place Mal. Galli\u00e9ni F &#8211; 83700 Saint-Rapha\u00ebl T\u00e9l.: +33(0)4 94 19 21 21 Fax: +33(0)4 94 19 10 37 info@le21-hotel.com OPENING HOURS \u00a0 From 16th\u00a0June to 14th September (summer) : 7am \u2013 11 pm From 15th September to 15th\u00a0June (winter) : 7am \u2013 9pm MEANS OF PAYMENT<\/p>\n","protected":false},"author":3,"featured_media":1709,"parent":0,"menu_order":0,"comment_status":"closed","ping_status":"closed","template":"modeles-de-page\/page-contact.php","meta":[],"acf":[],"yoast_head":"<title>St Raphael Hotel - H\u00f4tel le 21 - Contact &amp; Booking<\/title>\n<meta name=\"description\" content=\"St raphael hotel, LE 21 H\u00d4TEL DE FRANCE Adresse : 21, place Mal. Galli\u00e9ni F - 83700 Saint-Rapha\u00ebl T\u00e9l.: +33(0)4 94 19 21 21\" \/>\n<meta name=\"robots\" content=\"index, follow, max-snippet:-1, max-image-preview:large, max-video-preview:-1\" \/>\n<link rel=\"canonical\" href=\"https:\/\/www.le21-hotel.com\/en\/contact-st-raphael-hotel\/\" \/>\n<meta property=\"og:locale\" content=\"en_US\" \/>\n<meta property=\"og:type\" content=\"article\" \/>\n<meta property=\"og:title\" content=\"St Raphael Hotel - H\u00f4tel le 21 - Contact &amp; Booking\" \/>\n<meta property=\"og:description\" content=\"St raphael hotel, LE 21 H\u00d4TEL DE FRANCE Adresse : 21, place Mal. Galli\u00e9ni F - 83700 Saint-Rapha\u00ebl T\u00e9l.: +33(0)4 94 19 21 21\" \/>\n<meta property=\"og:url\" content=\"https:\/\/www.le21-hotel.com\/en\/contact-st-raphael-hotel\/\" \/>\n<meta property=\"og:site_name\" content=\"Hotel le 21\" \/>\n<meta property=\"article:modified_time\" content=\"2019-11-18T12:51:57+00:00\" \/>\n<meta property=\"og:image\" content=\"https:\/\/www.le21-hotel.com\/wp-content\/uploads\/2015\/03\/slide-contact-191.jpg\" \/>\n\t<meta property=\"og:image:width\" content=\"1919\" \/>\n\t<meta property=\"og:image:height\" content=\"548\" \/>\n\t<meta property=\"og:image:type\" content=\"image\/jpeg\" \/>\n<script type=\"application\/ld+json\" class=\"yoast-schema-graph\">{\"@context\":\"https:\/\/schema.org\",\"@graph\":[{\"@type\":\"WebPage\",\"@id\":\"https:\/\/www.le21-hotel.com\/en\/contact-st-raphael-hotel\/\",\"url\":\"https:\/\/www.le21-hotel.com\/en\/contact-st-raphael-hotel\/\",\"name\":\"St Raphael Hotel - H\u00f4tel le 21 - Contact & Booking\",\"isPartOf\":{\"@id\":\"https:\/\/www.le21-hotel.com\/#website\"},\"datePublished\":\"2015-03-16T15:54:52+00:00\",\"dateModified\":\"2019-11-18T12:51:57+00:00\",\"description\":\"St raphael hotel, LE 21 H\u00d4TEL DE FRANCE Adresse : 21, place Mal. Galli\u00e9ni F - 83700 Saint-Rapha\u00ebl T\u00e9l.: +33(0)4 94 19 21 21\",\"breadcrumb\":{\"@id\":\"https:\/\/www.le21-hotel.com\/en\/contact-st-raphael-hotel\/#breadcrumb\"},\"inLanguage\":\"en-US\",\"potentialAction\":[{\"@type\":\"ReadAction\",\"target\":[\"https:\/\/www.le21-hotel.com\/en\/contact-st-raphael-hotel\/\"]}]},{\"@type\":\"BreadcrumbList\",\"@id\":\"https:\/\/www.le21-hotel.com\/en\/contact-st-raphael-hotel\/#breadcrumb\",\"itemListElement\":[{\"@type\":\"ListItem\",\"position\":1,\"name\":\"Accueil\",\"item\":\"https:\/\/www.le21-hotel.com\/en\/\"},{\"@type\":\"ListItem\",\"position\":2,\"name\":\"Contact\"}]},{\"@type\":\"WebSite\",\"@id\":\"https:\/\/www.le21-hotel.com\/#website\",\"url\":\"https:\/\/www.le21-hotel.com\/\",\"name\":\"Hotel le 21\",\"description\":\".\",\"potentialAction\":[{\"@type\":\"SearchAction\",\"target\":{\"@type\":\"EntryPoint\",\"urlTemplate\":\"https:\/\/www.le21-hotel.com\/?s={search_term_string}\"},\"query-input\":\"required name=search_term_string\"}],\"inLanguage\":\"en-US\"}]}<\/script>","yoast_head_json":{"title":"St Raphael Hotel - H\u00f4tel le 21 - Contact & Booking","description":"St raphael hotel, LE 21 H\u00d4TEL DE FRANCE Adresse : 21, place Mal. Galli\u00e9ni F - 83700 Saint-Rapha\u00ebl T\u00e9l.: +33(0)4 94 19 21 21","robots":{"index":"index","follow":"follow","max-snippet":"max-snippet:-1","max-image-preview":"max-image-preview:large","max-video-preview":"max-video-preview:-1"},"canonical":"https:\/\/www.le21-hotel.com\/en\/contact-st-raphael-hotel\/","og_locale":"en_US","og_type":"article","og_title":"St Raphael Hotel - H\u00f4tel le 21 - Contact & Booking","og_description":"St raphael hotel, LE 21 H\u00d4TEL DE FRANCE Adresse : 21, place Mal. Galli\u00e9ni F - 83700 Saint-Rapha\u00ebl T\u00e9l.: +33(0)4 94 19 21 21","og_url":"https:\/\/www.le21-hotel.com\/en\/contact-st-raphael-hotel\/","og_site_name":"Hotel le 21","article_modified_time":"2019-11-18T12:51:57+00:00","og_image":[{"width":1919,"height":548,"url":"https:\/\/www.le21-hotel.com\/wp-content\/uploads\/2015\/03\/slide-contact-191.jpg","type":"image\/jpeg"}],"schema":{"@context":"https:\/\/schema.org","@graph":[{"@type":"WebPage","@id":"https:\/\/www.le21-hotel.com\/en\/contact-st-raphael-hotel\/","url":"https:\/\/www.le21-hotel.com\/en\/contact-st-raphael-hotel\/","name":"St Raphael Hotel - H\u00f4tel le 21 - Contact & Booking","isPartOf":{"@id":"https:\/\/www.le21-hotel.com\/#website"},"datePublished":"2015-03-16T15:54:52+00:00","dateModified":"2019-11-18T12:51:57+00:00","description":"St raphael hotel, LE 21 H\u00d4TEL DE FRANCE Adresse : 21, place Mal. Galli\u00e9ni F - 83700 Saint-Rapha\u00ebl T\u00e9l.: +33(0)4 94 19 21 21","breadcrumb":{"@id":"https:\/\/www.le21-hotel.com\/en\/contact-st-raphael-hotel\/#breadcrumb"},"inLanguage":"en-US","potentialAction":[{"@type":"ReadAction","target":["https:\/\/www.le21-hotel.com\/en\/contact-st-raphael-hotel\/"]}]},{"@type":"BreadcrumbList","@id":"https:\/\/www.le21-hotel.com\/en\/contact-st-raphael-hotel\/#breadcrumb","itemListElement":[{"@type":"ListItem","position":1,"name":"Accueil","item":"https:\/\/www.le21-hotel.com\/en\/"},{"@type":"ListItem","position":2,"name":"Contact"}]},{"@type":"WebSite","@id":"https:\/\/www.le21-hotel.com\/#website","url":"https:\/\/www.le21-hotel.com\/","name":"Hotel le 21","description":".","potentialAction":[{"@type":"SearchAction","target":{"@type":"EntryPoint","urlTemplate":"https:\/\/www.le21-hotel.com\/?s={search_term_string}"},"query-input":"required name=search_term_string"}],"inLanguage":"en-US"}]}},"_links":{"self":[{"href":"https:\/\/www.le21-hotel.com\/en\/wp-json\/wp\/v2\/pages\/821"}],"collection":[{"href":"https:\/\/www.le21-hotel.com\/en\/wp-json\/wp\/v2\/pages"}],"about":[{"href":"https:\/\/www.le21-hotel.com\/en\/wp-json\/wp\/v2\/types\/page"}],"author":[{"embeddable":true,"href":"https:\/\/www.le21-hotel.com\/en\/wp-json\/wp\/v2\/users\/3"}],"replies":[{"embeddable":true,"href":"https:\/\/www.le21-hotel.com\/en\/wp-json\/wp\/v2\/comments?post=821"}],"version-history":[{"count":4,"href":"https:\/\/www.le21-hotel.com\/en\/wp-json\/wp\/v2\/pages\/821\/revisions"}],"predecessor-version":[{"id":1496,"href":"https:\/\/www.le21-hotel.com\/en\/wp-json\/wp\/v2\/pages\/821\/revisions\/1496"}],"wp:featuredmedia":[{"embeddable":true,"href":"https:\/\/www.le21-hotel.com\/en\/wp-json\/wp\/v2\/media\/1709"}],"wp:attachment":[{"href":"https:\/\/www.le21-hotel.com\/en\/wp-json\/wp\/v2\/media?parent=821"}],"curies":[{"name":"wp","href":"https:\/\/api.w.org\/{rel}","templated":true}]}}