{"id":807,"date":"2016-10-31T14:58:56","date_gmt":"2016-10-31T14:58:56","guid":{"rendered":"http:\/\/www.le21-hotel.com\/en\/hotel-saint-raphael-nos-tarifs\/"},"modified":"2024-01-09T08:32:33","modified_gmt":"2024-01-09T08:32:33","slug":"hotel-saint-raphael-our-rates","status":"publish","type":"page","link":"https:\/\/www.le21-hotel.com\/en\/hotel-saint-raphael-our-rates\/","title":{"rendered":"Infos"},"content":{"rendered":"<p>&nbsp;<\/p>\n<p>You would like to stay in Saint -Rapha\u00ebl and you don\u2019t know where to go\u00a0? Why not coming at Hotel Le 21 ( Hotel Saint-Rapha\u00ebl )?<\/p>\n<p>Build in 1863 by Hilarion Sequier, The Hotel Le 21 ( <a href=\"http:\/\/www.hotels-st-raphael.com\/\">The Hotel Saint-Rapha\u00ebl<\/a> ) is one of the most ancient buildings of Saint-Rapha\u00ebl. \u00a0Ideally located in the center of the city , the Hotel Le 21 is at about 200 meters away from the smooth sand beaches, the harbor, the casino, the restaurants, the train and bus stations and the public parkings and you can go by foot without taking your car. Many public parkings are just near the hotel.<\/p>\n<p>Don\u2019t hesitate to <a href=\"\/hotel21-910?page_id=249\">contact us<\/a> for further information.<\/p>\n","protected":false},"excerpt":{"rendered":"<p>&nbsp; You would like to stay in Saint -Rapha\u00ebl and you don\u2019t know where to go\u00a0? Why not coming at Hotel Le 21 ( Hotel Saint-Rapha\u00ebl )? Build in 1863 by Hilarion Sequier, The Hotel Le 21 ( The Hotel Saint-Rapha\u00ebl ) is one of the most ancient buildings of Saint-Rapha\u00ebl. \u00a0Ideally located in the<a class=\"moretag\" href=\"https:\/\/www.le21-hotel.com\/en\/hotel-saint-raphael-our-rates\/\">Your Read More Link Text<\/a><\/p>\n","protected":false},"author":3,"featured_media":1763,"parent":0,"menu_order":0,"comment_status":"closed","ping_status":"closed","template":"modeles-de-page\/page-tarifs.php","meta":[],"acf":[],"yoast_head":"<title>hotel saint raphael - H\u00f4tel le 21 in Saint-Rapha\u00ebl - Our rates<\/title>\n<meta name=\"description\" content=\"You would like to stay in Saint -Rapha\u00ebl and you don\u2019t know where to go ? Why not coming at Hotel Le 21 ( Hotel Saint-Rapha\u00ebl )?\" \/>\n<meta name=\"robots\" content=\"index, follow, max-snippet:-1, max-image-preview:large, max-video-preview:-1\" \/>\n<link rel=\"canonical\" href=\"https:\/\/www.le21-hotel.com\/en\/hotel-saint-raphael-our-rates\/\" \/>\n<meta property=\"og:locale\" content=\"en_US\" \/>\n<meta property=\"og:type\" content=\"article\" \/>\n<meta property=\"og:title\" content=\"hotel saint raphael - H\u00f4tel le 21 in Saint-Rapha\u00ebl - Our rates\" \/>\n<meta property=\"og:description\" content=\"You would like to stay in Saint -Rapha\u00ebl and you don\u2019t know where to go ? Why not coming at Hotel Le 21 ( Hotel Saint-Rapha\u00ebl )?\" \/>\n<meta property=\"og:url\" content=\"https:\/\/www.le21-hotel.com\/en\/hotel-saint-raphael-our-rates\/\" \/>\n<meta property=\"og:site_name\" content=\"Hotel le 21\" \/>\n<meta property=\"article:modified_time\" content=\"2024-01-09T08:32:33+00:00\" \/>\n<meta property=\"og:image\" content=\"http:\/\/www.le21-hotel.com\/wp-content\/uploads\/2016\/10\/std-bg-19.jpg\" \/>\n\t<meta property=\"og:image:width\" content=\"1918\" \/>\n\t<meta property=\"og:image:height\" content=\"548\" \/>\n\t<meta property=\"og:image:type\" content=\"image\/jpeg\" \/>\n<meta name=\"twitter:label1\" content=\"Est. reading time\" \/>\n\t<meta name=\"twitter:data1\" content=\"1 minute\" \/>\n<script type=\"application\/ld+json\" class=\"yoast-schema-graph\">{\"@context\":\"https:\/\/schema.org\",\"@graph\":[{\"@type\":\"WebPage\",\"@id\":\"https:\/\/www.le21-hotel.com\/en\/hotel-saint-raphael-our-rates\/\",\"url\":\"https:\/\/www.le21-hotel.com\/en\/hotel-saint-raphael-our-rates\/\",\"name\":\"hotel saint raphael - H\u00f4tel le 21 in Saint-Rapha\u00ebl - Our rates\",\"isPartOf\":{\"@id\":\"https:\/\/www.le21-hotel.com\/#website\"},\"datePublished\":\"2016-10-31T14:58:56+00:00\",\"dateModified\":\"2024-01-09T08:32:33+00:00\",\"description\":\"You would like to stay in Saint -Rapha\u00ebl and you don\u2019t know where to go ? Why not coming at Hotel Le 21 ( Hotel Saint-Rapha\u00ebl )?\",\"breadcrumb\":{\"@id\":\"https:\/\/www.le21-hotel.com\/en\/hotel-saint-raphael-our-rates\/#breadcrumb\"},\"inLanguage\":\"en-US\",\"potentialAction\":[{\"@type\":\"ReadAction\",\"target\":[\"https:\/\/www.le21-hotel.com\/en\/hotel-saint-raphael-our-rates\/\"]}]},{\"@type\":\"BreadcrumbList\",\"@id\":\"https:\/\/www.le21-hotel.com\/en\/hotel-saint-raphael-our-rates\/#breadcrumb\",\"itemListElement\":[{\"@type\":\"ListItem\",\"position\":1,\"name\":\"Accueil\",\"item\":\"https:\/\/www.le21-hotel.com\/en\/\"},{\"@type\":\"ListItem\",\"position\":2,\"name\":\"Infos\"}]},{\"@type\":\"WebSite\",\"@id\":\"https:\/\/www.le21-hotel.com\/#website\",\"url\":\"https:\/\/www.le21-hotel.com\/\",\"name\":\"Hotel le 21\",\"description\":\".\",\"potentialAction\":[{\"@type\":\"SearchAction\",\"target\":{\"@type\":\"EntryPoint\",\"urlTemplate\":\"https:\/\/www.le21-hotel.com\/?s={search_term_string}\"},\"query-input\":\"required name=search_term_string\"}],\"inLanguage\":\"en-US\"}]}<\/script>","yoast_head_json":{"title":"hotel saint raphael - H\u00f4tel le 21 in Saint-Rapha\u00ebl - Our rates","description":"You would like to stay in Saint -Rapha\u00ebl and you don\u2019t know where to go ? Why not coming at Hotel Le 21 ( Hotel Saint-Rapha\u00ebl )?","robots":{"index":"index","follow":"follow","max-snippet":"max-snippet:-1","max-image-preview":"max-image-preview:large","max-video-preview":"max-video-preview:-1"},"canonical":"https:\/\/www.le21-hotel.com\/en\/hotel-saint-raphael-our-rates\/","og_locale":"en_US","og_type":"article","og_title":"hotel saint raphael - H\u00f4tel le 21 in Saint-Rapha\u00ebl - Our rates","og_description":"You would like to stay in Saint -Rapha\u00ebl and you don\u2019t know where to go ? Why not coming at Hotel Le 21 ( Hotel Saint-Rapha\u00ebl )?","og_url":"https:\/\/www.le21-hotel.com\/en\/hotel-saint-raphael-our-rates\/","og_site_name":"Hotel le 21","article_modified_time":"2024-01-09T08:32:33+00:00","og_image":[{"width":1918,"height":548,"url":"http:\/\/www.le21-hotel.com\/wp-content\/uploads\/2016\/10\/std-bg-19.jpg","type":"image\/jpeg"}],"twitter_misc":{"Est. reading time":"1 minute"},"schema":{"@context":"https:\/\/schema.org","@graph":[{"@type":"WebPage","@id":"https:\/\/www.le21-hotel.com\/en\/hotel-saint-raphael-our-rates\/","url":"https:\/\/www.le21-hotel.com\/en\/hotel-saint-raphael-our-rates\/","name":"hotel saint raphael - H\u00f4tel le 21 in Saint-Rapha\u00ebl - Our rates","isPartOf":{"@id":"https:\/\/www.le21-hotel.com\/#website"},"datePublished":"2016-10-31T14:58:56+00:00","dateModified":"2024-01-09T08:32:33+00:00","description":"You would like to stay in Saint -Rapha\u00ebl and you don\u2019t know where to go ? Why not coming at Hotel Le 21 ( Hotel Saint-Rapha\u00ebl )?","breadcrumb":{"@id":"https:\/\/www.le21-hotel.com\/en\/hotel-saint-raphael-our-rates\/#breadcrumb"},"inLanguage":"en-US","potentialAction":[{"@type":"ReadAction","target":["https:\/\/www.le21-hotel.com\/en\/hotel-saint-raphael-our-rates\/"]}]},{"@type":"BreadcrumbList","@id":"https:\/\/www.le21-hotel.com\/en\/hotel-saint-raphael-our-rates\/#breadcrumb","itemListElement":[{"@type":"ListItem","position":1,"name":"Accueil","item":"https:\/\/www.le21-hotel.com\/en\/"},{"@type":"ListItem","position":2,"name":"Infos"}]},{"@type":"WebSite","@id":"https:\/\/www.le21-hotel.com\/#website","url":"https:\/\/www.le21-hotel.com\/","name":"Hotel le 21","description":".","potentialAction":[{"@type":"SearchAction","target":{"@type":"EntryPoint","urlTemplate":"https:\/\/www.le21-hotel.com\/?s={search_term_string}"},"query-input":"required name=search_term_string"}],"inLanguage":"en-US"}]}},"_links":{"self":[{"href":"https:\/\/www.le21-hotel.com\/en\/wp-json\/wp\/v2\/pages\/807"}],"collection":[{"href":"https:\/\/www.le21-hotel.com\/en\/wp-json\/wp\/v2\/pages"}],"about":[{"href":"https:\/\/www.le21-hotel.com\/en\/wp-json\/wp\/v2\/types\/page"}],"author":[{"embeddable":true,"href":"https:\/\/www.le21-hotel.com\/en\/wp-json\/wp\/v2\/users\/3"}],"replies":[{"embeddable":true,"href":"https:\/\/www.le21-hotel.com\/en\/wp-json\/wp\/v2\/comments?post=807"}],"version-history":[{"count":5,"href":"https:\/\/www.le21-hotel.com\/en\/wp-json\/wp\/v2\/pages\/807\/revisions"}],"predecessor-version":[{"id":1768,"href":"https:\/\/www.le21-hotel.com\/en\/wp-json\/wp\/v2\/pages\/807\/revisions\/1768"}],"wp:featuredmedia":[{"embeddable":true,"href":"https:\/\/www.le21-hotel.com\/en\/wp-json\/wp\/v2\/media\/1763"}],"wp:attachment":[{"href":"https:\/\/www.le21-hotel.com\/en\/wp-json\/wp\/v2\/media?parent=807"}],"curies":[{"name":"wp","href":"https:\/\/api.w.org\/{rel}","templated":true}]}}