{"id":696,"date":"2014-07-25T14:14:33","date_gmt":"2014-07-25T14:14:33","guid":{"rendered":"http:\/\/www.le21-hotel.com\/en\/?page_id=696"},"modified":"2019-11-12T11:11:26","modified_gmt":"2019-11-12T11:11:26","slug":"hotel-saint-raphael","status":"publish","type":"page","link":"https:\/\/www.le21-hotel.com\/en\/hotel-saint-raphael\/","title":{"rendered":"The Hotel"},"content":{"rendered":"<p style=\"text-align: justify;\">The Hotel Le 21 is located in the center of the city , about 200 m away from the smooth sand beaches, the harbor, the casino, the restaurants, the train and bus stations and the public parkings. Build in 1863, by Hilarion Sequier, The Hotel Le 21 (<a href=\"http:\/\/www.hotels-st-raphael.com\/\">The Hotel Saint-Rapha\u00ebl<\/a> ) is one of the most ancient buildings of Saint-Rapha\u00ebl. A famous holiday destination, the charms of Saint-Rapha\u00ebl, extremely well located on the French Riviera, between Saint-Tropez and Cannes , are well-known.<\/p>\n<p>Either you are at Saint-Rapha\u00ebl\u00a0 on holiday or business trip, you will have a friendly and personalized welcome of our team that will inform you of the great number of sport, leisure and discovery activities for making your stay both enjoyable and unforgettable .<\/p>\n","protected":false},"excerpt":{"rendered":"<p>The Hotel Le 21 is located in the center of the city , about 200 m away from the smooth sand beaches, the harbor, the casino, the restaurants, the train and bus stations and the public parkings. Build in 1863, by Hilarion Sequier, The Hotel Le 21 (The Hotel Saint-Rapha\u00ebl ) is one of the<a class=\"moretag\" href=\"https:\/\/www.le21-hotel.com\/en\/hotel-saint-raphael\/\">Your Read More Link Text<\/a><\/p>\n","protected":false},"author":3,"featured_media":0,"parent":0,"menu_order":-1,"comment_status":"closed","ping_status":"closed","template":"modeles-de-page\/page-hotel.php","meta":[],"acf":[],"yoast_head":"<title>Hotel St Raphael - H\u00f4tel le 21 in Saint-Rapha\u00ebl near the seaside<\/title>\n<meta name=\"description\" content=\"Hotel St Raphael : L&#039;H\u00d4TEL LE 21 in the center of the city , about 200m away from the sand beaches, the casino, the restaurants, and the public parkings.\" \/>\n<meta name=\"robots\" content=\"index, follow, max-snippet:-1, max-image-preview:large, max-video-preview:-1\" \/>\n<link rel=\"canonical\" href=\"https:\/\/www.le21-hotel.com\/en\/hotel-saint-raphael\/\" \/>\n<meta property=\"og:locale\" content=\"en_US\" \/>\n<meta property=\"og:type\" content=\"article\" \/>\n<meta property=\"og:title\" content=\"Hotel St Raphael - H\u00f4tel le 21 in Saint-Rapha\u00ebl near the seaside\" \/>\n<meta property=\"og:description\" content=\"Hotel St Raphael : L&#039;H\u00d4TEL LE 21 in the center of the city , about 200m away from the sand beaches, the casino, the restaurants, and the public parkings.\" \/>\n<meta property=\"og:url\" content=\"https:\/\/www.le21-hotel.com\/en\/hotel-saint-raphael\/\" \/>\n<meta property=\"og:site_name\" content=\"Hotel le 21\" \/>\n<meta property=\"article:modified_time\" content=\"2019-11-12T11:11:26+00:00\" \/>\n<meta name=\"twitter:label1\" content=\"Est. reading time\" \/>\n\t<meta name=\"twitter:data1\" content=\"1 minute\" \/>\n<script type=\"application\/ld+json\" class=\"yoast-schema-graph\">{\"@context\":\"https:\/\/schema.org\",\"@graph\":[{\"@type\":\"WebPage\",\"@id\":\"https:\/\/www.le21-hotel.com\/en\/hotel-saint-raphael\/\",\"url\":\"https:\/\/www.le21-hotel.com\/en\/hotel-saint-raphael\/\",\"name\":\"Hotel St Raphael - H\u00f4tel le 21 in Saint-Rapha\u00ebl near the seaside\",\"isPartOf\":{\"@id\":\"https:\/\/www.le21-hotel.com\/#website\"},\"datePublished\":\"2014-07-25T14:14:33+00:00\",\"dateModified\":\"2019-11-12T11:11:26+00:00\",\"description\":\"Hotel St Raphael : L'H\u00d4TEL LE 21 in the center of the city , about 200m away from the sand beaches, the casino, the restaurants, and the public parkings.\",\"breadcrumb\":{\"@id\":\"https:\/\/www.le21-hotel.com\/en\/hotel-saint-raphael\/#breadcrumb\"},\"inLanguage\":\"en-US\",\"potentialAction\":[{\"@type\":\"ReadAction\",\"target\":[\"https:\/\/www.le21-hotel.com\/en\/hotel-saint-raphael\/\"]}]},{\"@type\":\"BreadcrumbList\",\"@id\":\"https:\/\/www.le21-hotel.com\/en\/hotel-saint-raphael\/#breadcrumb\",\"itemListElement\":[{\"@type\":\"ListItem\",\"position\":1,\"name\":\"Accueil\",\"item\":\"https:\/\/www.le21-hotel.com\/en\/\"},{\"@type\":\"ListItem\",\"position\":2,\"name\":\"The Hotel\"}]},{\"@type\":\"WebSite\",\"@id\":\"https:\/\/www.le21-hotel.com\/#website\",\"url\":\"https:\/\/www.le21-hotel.com\/\",\"name\":\"Hotel le 21\",\"description\":\".\",\"potentialAction\":[{\"@type\":\"SearchAction\",\"target\":{\"@type\":\"EntryPoint\",\"urlTemplate\":\"https:\/\/www.le21-hotel.com\/?s={search_term_string}\"},\"query-input\":\"required name=search_term_string\"}],\"inLanguage\":\"en-US\"}]}<\/script>","yoast_head_json":{"title":"Hotel St Raphael - H\u00f4tel le 21 in Saint-Rapha\u00ebl near the seaside","description":"Hotel St Raphael : L'H\u00d4TEL LE 21 in the center of the city , about 200m away from the sand beaches, the casino, the restaurants, and the public parkings.","robots":{"index":"index","follow":"follow","max-snippet":"max-snippet:-1","max-image-preview":"max-image-preview:large","max-video-preview":"max-video-preview:-1"},"canonical":"https:\/\/www.le21-hotel.com\/en\/hotel-saint-raphael\/","og_locale":"en_US","og_type":"article","og_title":"Hotel St Raphael - H\u00f4tel le 21 in Saint-Rapha\u00ebl near the seaside","og_description":"Hotel St Raphael : L'H\u00d4TEL LE 21 in the center of the city , about 200m away from the sand beaches, the casino, the restaurants, and the public parkings.","og_url":"https:\/\/www.le21-hotel.com\/en\/hotel-saint-raphael\/","og_site_name":"Hotel le 21","article_modified_time":"2019-11-12T11:11:26+00:00","twitter_misc":{"Est. reading time":"1 minute"},"schema":{"@context":"https:\/\/schema.org","@graph":[{"@type":"WebPage","@id":"https:\/\/www.le21-hotel.com\/en\/hotel-saint-raphael\/","url":"https:\/\/www.le21-hotel.com\/en\/hotel-saint-raphael\/","name":"Hotel St Raphael - H\u00f4tel le 21 in Saint-Rapha\u00ebl near the seaside","isPartOf":{"@id":"https:\/\/www.le21-hotel.com\/#website"},"datePublished":"2014-07-25T14:14:33+00:00","dateModified":"2019-11-12T11:11:26+00:00","description":"Hotel St Raphael : L'H\u00d4TEL LE 21 in the center of the city , about 200m away from the sand beaches, the casino, the restaurants, and the public parkings.","breadcrumb":{"@id":"https:\/\/www.le21-hotel.com\/en\/hotel-saint-raphael\/#breadcrumb"},"inLanguage":"en-US","potentialAction":[{"@type":"ReadAction","target":["https:\/\/www.le21-hotel.com\/en\/hotel-saint-raphael\/"]}]},{"@type":"BreadcrumbList","@id":"https:\/\/www.le21-hotel.com\/en\/hotel-saint-raphael\/#breadcrumb","itemListElement":[{"@type":"ListItem","position":1,"name":"Accueil","item":"https:\/\/www.le21-hotel.com\/en\/"},{"@type":"ListItem","position":2,"name":"The Hotel"}]},{"@type":"WebSite","@id":"https:\/\/www.le21-hotel.com\/#website","url":"https:\/\/www.le21-hotel.com\/","name":"Hotel le 21","description":".","potentialAction":[{"@type":"SearchAction","target":{"@type":"EntryPoint","urlTemplate":"https:\/\/www.le21-hotel.com\/?s={search_term_string}"},"query-input":"required name=search_term_string"}],"inLanguage":"en-US"}]}},"_links":{"self":[{"href":"https:\/\/www.le21-hotel.com\/en\/wp-json\/wp\/v2\/pages\/696"}],"collection":[{"href":"https:\/\/www.le21-hotel.com\/en\/wp-json\/wp\/v2\/pages"}],"about":[{"href":"https:\/\/www.le21-hotel.com\/en\/wp-json\/wp\/v2\/types\/page"}],"author":[{"embeddable":true,"href":"https:\/\/www.le21-hotel.com\/en\/wp-json\/wp\/v2\/users\/3"}],"replies":[{"embeddable":true,"href":"https:\/\/www.le21-hotel.com\/en\/wp-json\/wp\/v2\/comments?post=696"}],"version-history":[{"count":4,"href":"https:\/\/www.le21-hotel.com\/en\/wp-json\/wp\/v2\/pages\/696\/revisions"}],"predecessor-version":[{"id":1178,"href":"https:\/\/www.le21-hotel.com\/en\/wp-json\/wp\/v2\/pages\/696\/revisions\/1178"}],"wp:attachment":[{"href":"https:\/\/www.le21-hotel.com\/en\/wp-json\/wp\/v2\/media?parent=696"}],"curies":[{"name":"wp","href":"https:\/\/api.w.org\/{rel}","templated":true}]}}